{"id":129,"date":"2026-02-08T02:02:11","date_gmt":"2026-02-08T01:02:11","guid":{"rendered":"https:\/\/tribu-du-fourmilier.com\/?page_id=129"},"modified":"2026-02-08T02:14:54","modified_gmt":"2026-02-08T01:14:54","slug":"mentions-legales","status":"publish","type":"page","link":"https:\/\/tribu-du-fourmilier.com\/?page_id=129","title":{"rendered":"Mentions l\u00e9gales"},"content":{"rendered":"\t\t<div data-elementor-type=\"wp-page\" data-elementor-id=\"129\" class=\"elementor elementor-129\">\n\t\t\t\t<div class=\"elementor-element elementor-element-27ddc35 e-flex e-con-boxed e-con e-parent\" data-id=\"27ddc35\" data-element_type=\"container\" data-e-type=\"container\">\n\t\t\t\t\t<div class=\"e-con-inner\">\n\t\t\t\t<div class=\"elementor-element elementor-element-b948e59 elementor-widget elementor-widget-heading\" data-id=\"b948e59\" data-element_type=\"widget\" data-e-type=\"widget\" data-widget_type=\"heading.default\">\n\t\t\t\t\t<h2 class=\"elementor-heading-title elementor-size-default\">Mentions l\u00e9gales\n<\/h2>\t\t\t\t<\/div>\n\t\t\t\t\t<\/div>\n\t\t\t\t<\/div>\n\t\t<div class=\"elementor-element elementor-element-6746337 e-flex e-con-boxed e-con e-parent\" data-id=\"6746337\" data-element_type=\"container\" data-e-type=\"container\">\n\t\t\t\t\t<div class=\"e-con-inner\">\n\t\t\t\t<div class=\"elementor-element elementor-element-9bcf07b elementor-widget elementor-widget-text-editor\" data-id=\"9bcf07b\" data-element_type=\"widget\" data-e-type=\"widget\" data-widget_type=\"text-editor.default\">\n\t\t\t\t\t\t\t\t\t<p>\u00c9diteur du site<\/p><p>Nom de l\u2019association : La tribu du fourmilier<br \/>Statut : Association loi 1901 <br \/>Num\u00e9ro RNA : W062015558<br \/>Num\u00e9ro SIREN : 878156975<br \/>Si\u00e8ge social : 943 ch de Vosgelades 06140 VENCE\u00a0<br \/>Adresse e-mail : latribudufourmilier@gmail.com<\/p><p>Responsable de la publication<\/p><p>Le responsable de la publication est le\/la repr\u00e9sentant(e) l\u00e9gal(e) de l\u2019association.<\/p><p>H\u00e9bergement du site<\/p><p>Le site est h\u00e9berg\u00e9 par :\u00a0<\/p><table style=\"height: 72px;\" width=\"239\"><tbody><tr><td>\u00a0<\/td><td><table style=\"height: 60px;\" width=\"240\"><tbody><tr><td><b>SCALEWAY SAS, 8 rue de la Ville l&rsquo;Ev\u00eaque 75008 Paris<\/b><\/td><\/tr><\/tbody><\/table><\/td><\/tr><\/tbody><\/table><p>Propri\u00e9t\u00e9 intellectuelle<\/p><p>L\u2019ensemble des contenus pr\u00e9sents sur ce site (textes, images, logos) est la propri\u00e9t\u00e9 de l\u2019association, sauf mention contraire. <br \/>Toute reproduction, diffusion ou utilisation sans autorisation est interdite.<\/p><p>Donn\u00e9es personnelles<\/p><p>Les donn\u00e9es personnelles collect\u00e9es via les formulaires sont utilis\u00e9es uniquement dans le cadre des missions de l\u2019association.<\/p><p>Les informations transmises sont conserv\u00e9es pendant une dur\u00e9e maximale de 3 mois.<\/p><p>Conform\u00e9ment \u00e0 la r\u00e9glementation en vigueur, vous disposez d\u2019un droit d\u2019acc\u00e8s, de rectification et de suppression des donn\u00e9es vous concernant. <br \/>Toute demande peut \u00eatre adress\u00e9e \u00e0 l\u2019adresse e-mail de l\u2019association.<\/p><p>Cookies<\/p><p>Ce site n\u2019utilise pas de cookies \u00e0 des fins commerciales ou publicitaires.<\/p><p>Ce site a \u00e9t\u00e9 con\u00e7u et est g\u00e9r\u00e9 b\u00e9n\u00e9volement.<\/p>\t\t\t\t\t\t\t\t<\/div>\n\t\t\t\t\t<\/div>\n\t\t\t\t<\/div>\n\t\t\t\t<\/div>\n\t\t","protected":false},"excerpt":{"rendered":"<p>Mentions l\u00e9gales \u00c9diteur du site Nom de l\u2019association : La tribu du fourmilierStatut : Association loi 1901 Num\u00e9ro RNA : W062015558Num\u00e9ro SIREN : 878156975Si\u00e8ge social : 943 ch de Vosgelades 06140 VENCE\u00a0Adresse e-mail : latribudufourmilier@gmail.com Responsable de la publication Le responsable de la publication est le\/la repr\u00e9sentant(e) l\u00e9gal(e) de l\u2019association. H\u00e9bergement du site Le site [&hellip;]<\/p>\n","protected":false},"author":2,"featured_media":0,"parent":0,"menu_order":0,"comment_status":"closed","ping_status":"closed","template":"","meta":{"footnotes":""},"class_list":["post-129","page","type-page","status-publish","hentry"],"jetpack_sharing_enabled":true,"_links":{"self":[{"href":"https:\/\/tribu-du-fourmilier.com\/index.php?rest_route=\/wp\/v2\/pages\/129","targetHints":{"allow":["GET"]}}],"collection":[{"href":"https:\/\/tribu-du-fourmilier.com\/index.php?rest_route=\/wp\/v2\/pages"}],"about":[{"href":"https:\/\/tribu-du-fourmilier.com\/index.php?rest_route=\/wp\/v2\/types\/page"}],"author":[{"embeddable":true,"href":"https:\/\/tribu-du-fourmilier.com\/index.php?rest_route=\/wp\/v2\/users\/2"}],"replies":[{"embeddable":true,"href":"https:\/\/tribu-du-fourmilier.com\/index.php?rest_route=%2Fwp%2Fv2%2Fcomments&post=129"}],"version-history":[{"count":13,"href":"https:\/\/tribu-du-fourmilier.com\/index.php?rest_route=\/wp\/v2\/pages\/129\/revisions"}],"predecessor-version":[{"id":145,"href":"https:\/\/tribu-du-fourmilier.com\/index.php?rest_route=\/wp\/v2\/pages\/129\/revisions\/145"}],"wp:attachment":[{"href":"https:\/\/tribu-du-fourmilier.com\/index.php?rest_route=%2Fwp%2Fv2%2Fmedia&parent=129"}],"curies":[{"name":"wp","href":"https:\/\/api.w.org\/{rel}","templated":true}]}}