{"id":182,"date":"2026-02-09T00:27:13","date_gmt":"2026-02-08T23:27:13","guid":{"rendered":"https:\/\/tribu-du-fourmilier.com\/?page_id=182"},"modified":"2026-02-09T00:32:11","modified_gmt":"2026-02-08T23:32:11","slug":"nos-proteges-en-attente","status":"publish","type":"page","link":"https:\/\/tribu-du-fourmilier.com\/?page_id=182","title":{"rendered":"Nos prot\u00e9g\u00e9s en attente"},"content":{"rendered":"\t\t<div data-elementor-type=\"wp-page\" data-elementor-id=\"182\" class=\"elementor elementor-182\">\n\t\t\t\t<div class=\"elementor-element elementor-element-cc5a7de e-flex e-con-boxed e-con e-parent\" data-id=\"cc5a7de\" data-element_type=\"container\" data-e-type=\"container\">\n\t\t\t\t\t<div class=\"e-con-inner\">\n\t\t\t\t<div class=\"elementor-element elementor-element-710d6e2 elementor-widget elementor-widget-heading\" data-id=\"710d6e2\" data-element_type=\"widget\" data-e-type=\"widget\" data-widget_type=\"heading.default\">\n\t\t\t\t\t<h2 class=\"elementor-heading-title elementor-size-default\">Nos prot\u00e9g\u00e9s en attente<\/h2>\t\t\t\t<\/div>\n\t\t\t\t\t<\/div>\n\t\t\t\t<\/div>\n\t\t<div class=\"elementor-element elementor-element-c179427 e-flex e-con-boxed e-con e-parent\" data-id=\"c179427\" data-element_type=\"container\" data-e-type=\"container\">\n\t\t\t\t\t<div class=\"e-con-inner\">\n\t\t\t\t<div class=\"elementor-element elementor-element-c1a3f49 elementor-widget elementor-widget-text-editor\" data-id=\"c1a3f49\" data-element_type=\"widget\" data-e-type=\"widget\" data-widget_type=\"text-editor.default\">\n\t\t\t\t\t\t\t\t\t<p>Sur cette page, nous mettons en avant certains animaux<br \/>pour lesquels nous rencontrons des difficult\u00e9s de placement.<\/p><p>Il ne s\u2019agit pas d\u2019une liste exhaustive de nos prises en charge,<br \/>mais uniquement de situations particuli\u00e8res<br \/>n\u00e9cessitant une famille adapt\u00e9e, patiente et engag\u00e9e.<\/p><p>Cette page est mise \u00e0 jour ponctuellement,<br \/>en fonction de nos besoins et de nos capacit\u00e9s.<\/p><p>Nos prises en charge actualis\u00e9es sont disponibles sur nos r\u00e9seaux sociaux<\/p>\t\t\t\t\t\t\t\t<\/div>\n\t\t\t\t\t<\/div>\n\t\t\t\t<\/div>\n\t\t<div class=\"elementor-element elementor-element-77b2127 e-flex e-con-boxed e-con e-parent\" data-id=\"77b2127\" data-element_type=\"container\" data-e-type=\"container\">\n\t\t\t\t\t<div class=\"e-con-inner\">\n\t\t\t\t<div class=\"elementor-element elementor-element-6ffe070 elementor-shape-rounded elementor-grid-0 e-grid-align-center elementor-widget elementor-widget-social-icons\" data-id=\"6ffe070\" data-element_type=\"widget\" data-e-type=\"widget\" data-widget_type=\"social-icons.default\">\n\t\t\t\t\t\t\t<div class=\"elementor-social-icons-wrapper elementor-grid\" role=\"list\">\n\t\t\t\t\t\t\t<span class=\"elementor-grid-item\" role=\"listitem\">\n\t\t\t\t\t<a class=\"elementor-icon elementor-social-icon elementor-social-icon-facebook elementor-repeater-item-7ae5051\" href=\"https:\/\/www.facebook.com\/latribudufourmilier\" target=\"_blank\">\n\t\t\t\t\t\t<span class=\"elementor-screen-only\">Facebook<\/span>\n\t\t\t\t\t\t<svg aria-hidden=\"true\" class=\"e-font-icon-svg e-fab-facebook\" viewBox=\"0 0 512 512\" xmlns=\"http:\/\/www.w3.org\/2000\/svg\"><path d=\"M504 256C504 119 393 8 256 8S8 119 8 256c0 123.78 90.69 226.38 209.25 245V327.69h-63V256h63v-54.64c0-62.15 37-96.48 93.67-96.48 27.14 0 55.52 4.84 55.52 4.84v61h-31.28c-30.8 0-40.41 19.12-40.41 38.73V256h68.78l-11 71.69h-57.78V501C413.31 482.38 504 379.78 504 256z\"><\/path><\/svg>\t\t\t\t\t<\/a>\n\t\t\t\t<\/span>\n\t\t\t\t\t\t\t<span class=\"elementor-grid-item\" role=\"listitem\">\n\t\t\t\t\t<a class=\"elementor-icon elementor-social-icon elementor-social-icon-instagram elementor-repeater-item-b2b1b87\" href=\"https:\/\/www.instagram.com\/latribudufourmilier\/?hl=fr\" target=\"_blank\">\n\t\t\t\t\t\t<span class=\"elementor-screen-only\">Instagram<\/span>\n\t\t\t\t\t\t<svg aria-hidden=\"true\" class=\"e-font-icon-svg e-fab-instagram\" viewBox=\"0 0 448 512\" xmlns=\"http:\/\/www.w3.org\/2000\/svg\"><path d=\"M224.1 141c-63.6 0-114.9 51.3-114.9 114.9s51.3 114.9 114.9 114.9S339 319.5 339 255.9 287.7 141 224.1 141zm0 189.6c-41.1 0-74.7-33.5-74.7-74.7s33.5-74.7 74.7-74.7 74.7 33.5 74.7 74.7-33.6 74.7-74.7 74.7zm146.4-194.3c0 14.9-12 26.8-26.8 26.8-14.9 0-26.8-12-26.8-26.8s12-26.8 26.8-26.8 26.8 12 26.8 26.8zm76.1 27.2c-1.7-35.9-9.9-67.7-36.2-93.9-26.2-26.2-58-34.4-93.9-36.2-37-2.1-147.9-2.1-184.9 0-35.8 1.7-67.6 9.9-93.9 36.1s-34.4 58-36.2 93.9c-2.1 37-2.1 147.9 0 184.9 1.7 35.9 9.9 67.7 36.2 93.9s58 34.4 93.9 36.2c37 2.1 147.9 2.1 184.9 0 35.9-1.7 67.7-9.9 93.9-36.2 26.2-26.2 34.4-58 36.2-93.9 2.1-37 2.1-147.8 0-184.8zM398.8 388c-7.8 19.6-22.9 34.7-42.6 42.6-29.5 11.7-99.5 9-132.1 9s-102.7 2.6-132.1-9c-19.6-7.8-34.7-22.9-42.6-42.6-11.7-29.5-9-99.5-9-132.1s-2.6-102.7 9-132.1c7.8-19.6 22.9-34.7 42.6-42.6 29.5-11.7 99.5-9 132.1-9s102.7-2.6 132.1 9c19.6 7.8 34.7 22.9 42.6 42.6 11.7 29.5 9 99.5 9 132.1s2.7 102.7-9 132.1z\"><\/path><\/svg>\t\t\t\t\t<\/a>\n\t\t\t\t<\/span>\n\t\t\t\t\t\t\t<span class=\"elementor-grid-item\" role=\"listitem\">\n\t\t\t\t\t<a class=\"elementor-icon elementor-social-icon elementor-social-icon-tiktok elementor-repeater-item-73ceb1d\" href=\"https:\/\/www.tiktok.com\/@latribudufourmilier\" target=\"_blank\">\n\t\t\t\t\t\t<span class=\"elementor-screen-only\">Tiktok<\/span>\n\t\t\t\t\t\t<svg aria-hidden=\"true\" class=\"e-font-icon-svg e-fab-tiktok\" viewBox=\"0 0 448 512\" xmlns=\"http:\/\/www.w3.org\/2000\/svg\"><path d=\"M448,209.91a210.06,210.06,0,0,1-122.77-39.25V349.38A162.55,162.55,0,1,1,185,188.31V278.2a74.62,74.62,0,1,0,52.23,71.18V0l88,0a121.18,121.18,0,0,0,1.86,22.17h0A122.18,122.18,0,0,0,381,102.39a121.43,121.43,0,0,0,67,20.14Z\"><\/path><\/svg>\t\t\t\t\t<\/a>\n\t\t\t\t<\/span>\n\t\t\t\t\t<\/div>\n\t\t\t\t\t\t<\/div>\n\t\t\t\t\t<\/div>\n\t\t\t\t<\/div>\n\t\t<div class=\"elementor-element elementor-element-8c5ab33 e-grid e-con-boxed e-con e-parent\" data-id=\"8c5ab33\" data-element_type=\"container\" data-e-type=\"container\">\n\t\t\t\t\t<div class=\"e-con-inner\">\n\t\t\t\t<div class=\"elementor-element elementor-element-edefa14 elementor-widget elementor-widget-image\" data-id=\"edefa14\" data-element_type=\"widget\" data-e-type=\"widget\" data-widget_type=\"image.default\">\n\t\t\t\t\t\t\t\t\t\t\t\t\t\t\t<img fetchpriority=\"high\" decoding=\"async\" width=\"592\" height=\"1024\" src=\"https:\/\/tribu-du-fourmilier.com\/wp-content\/uploads\/2026\/02\/48a78907-732e-450c-b0ee-3d8b22ccede0-592x1024.jpg\" class=\"attachment-large size-large wp-image-184\" alt=\"\" srcset=\"https:\/\/tribu-du-fourmilier.com\/wp-content\/uploads\/2026\/02\/48a78907-732e-450c-b0ee-3d8b22ccede0-592x1024.jpg 592w, https:\/\/tribu-du-fourmilier.com\/wp-content\/uploads\/2026\/02\/48a78907-732e-450c-b0ee-3d8b22ccede0-173x300.jpg 173w, https:\/\/tribu-du-fourmilier.com\/wp-content\/uploads\/2026\/02\/48a78907-732e-450c-b0ee-3d8b22ccede0-768x1328.jpg 768w, https:\/\/tribu-du-fourmilier.com\/wp-content\/uploads\/2026\/02\/48a78907-732e-450c-b0ee-3d8b22ccede0.jpg 862w\" sizes=\"(max-width: 592px) 100vw, 592px\" \/>\t\t\t\t\t\t\t\t\t\t\t\t\t\t\t<\/div>\n\t\t\t\t<div class=\"elementor-element elementor-element-be80ba1 elementor-widget elementor-widget-text-editor\" data-id=\"be80ba1\" data-element_type=\"widget\" data-e-type=\"widget\" data-widget_type=\"text-editor.default\">\n\t\t\t\t\t\t\t\t\t<h3 data-start=\"353\" data-end=\"381\">\ud83d\udc3e<strong data-start=\"360\" data-end=\"379\">Shelby<\/strong><\/h3><p data-start=\"382\" data-end=\"533\"><strong data-start=\"382\" data-end=\"394\">Esp\u00e8ce :<\/strong> Chien\u00a0<br data-start=\"407\" data-end=\"410\" \/><strong data-start=\"410\" data-end=\"419\">\u00c2ge :<\/strong> 4 ans<\/p><p data-start=\"382\" data-end=\"533\"><strong data-start=\"439\" data-end=\"449\">Sexe :<\/strong> femelle<br data-start=\"464\" data-end=\"467\" \/><strong data-start=\"467\" data-end=\"482\">Identifi\u00e9 :<\/strong> oui<br data-start=\"492\" data-end=\"495\" \/><strong data-start=\"495\" data-end=\"510\">St\u00e9rilis\u00e9 :<\/strong> oui<\/p><p data-start=\"382\" data-end=\"533\"><strong data-start=\"382\" data-end=\"394\">Vaccins : <\/strong>\u00e0 jour<\/p><p data-start=\"382\" data-end=\"533\"><strong>Race: <\/strong>x staff d\u00e9cat\u00e9goris\u00e9e par diagnose<\/p><p data-start=\"382\" data-end=\"533\">\ud83d\udccd<strong data-start=\"538\" data-end=\"556\">Adoption: <\/strong>Toute la France<\/p><p data-start=\"535\" data-end=\"578\">\ud83d\udccd <strong data-start=\"538\" data-end=\"556\">Localisation :<\/strong> 06<\/p><hr data-start=\"580\" data-end=\"583\" \/><h3 data-start=\"585\" data-end=\"623\">\ud83c\udfe0 <strong data-start=\"592\" data-end=\"623\">Type de solution recherch\u00e9e<\/strong><\/h3><p data-start=\"624\" data-end=\"683\">Adoption<\/p><p data-start=\"624\" data-end=\"683\">\ud83e\udde0 <strong data-start=\"697\" data-end=\"717\">Profil &amp; besoins<\/strong><\/p><p>Shelby est une chienne sensible et intelligente.<br \/>Elle recherche une famille connaissant bien les chiens<br \/>et capable de comprendre et respecter ses besoins \u00e9motionnels.<br \/>La pr\u00e9sence d\u2019un cong\u00e9n\u00e8re \u00e9quilibr\u00e9 serait un v\u00e9ritable atout.<\/p><p>Un accompagnement pourra \u00eatre propos\u00e9 si n\u00e9cessaire.<\/p><h3 data-start=\"931\" data-end=\"968\">\ud83d\udc15\ud83d\udc08 <strong data-start=\"940\" data-end=\"968\">Ententes &amp; environnement<\/strong><\/h3><ul data-start=\"969\" data-end=\"1095\"><li data-start=\"969\" data-end=\"1010\"><p data-start=\"971\" data-end=\"1010\">Cong\u00e9n\u00e8res : ok\u00a0<\/p><\/li><li data-start=\"1011\" data-end=\"1050\"><p data-start=\"1013\" data-end=\"1050\">Chats\u00a0 : non<\/p><\/li><li data-start=\"1051\" data-end=\"1095\"><p data-start=\"1053\" data-end=\"1095\">Enfants : \u00e0 \u00e9viter\u00a0<\/p><\/li><\/ul><p data-start=\"1097\" data-end=\"1201\"><strong data-start=\"1097\" data-end=\"1128\">Type de logement souhait\u00e9 :<\/strong><br data-start=\"1128\" data-end=\"1131\" \/>Maison \/ Appartement\u00a0<\/p><p data-start=\"1097\" data-end=\"1201\">Ce placement n\u00e9cessite une r\u00e9flexion s\u00e9rieuse<br \/>et un cadre stable.<br \/>Nous privil\u00e9gions la qualit\u00e9 du placement<br \/>au d\u00e9lai.<\/p><p data-start=\"1097\" data-end=\"1201\">\u00a0<\/p>\t\t\t\t\t\t\t\t<\/div>\n\t\t\t\t<div class=\"elementor-element elementor-element-cb1511d elementor-widget elementor-widget-button\" data-id=\"cb1511d\" data-element_type=\"widget\" data-e-type=\"widget\" data-widget_type=\"button.default\">\n\t\t\t\t\t\t\t\t\t\t<a class=\"elementor-button elementor-button-link elementor-size-sm\" href=\"https:\/\/quiz.typeform.com\/to\/LkEqgFXR?typeform-source=tribu-du-fourmilier.com\">\n\t\t\t\t\t\t<span class=\"elementor-button-content-wrapper\">\n\t\t\t\t\t\t\t\t\t<span class=\"elementor-button-text\">Remplir le formulaire d'adoption<\/span>\n\t\t\t\t\t<\/span>\n\t\t\t\t\t<\/a>\n\t\t\t\t\t\t\t\t<\/div>\n\t\t\t\t\t<\/div>\n\t\t\t\t<\/div>\n\t\t<div class=\"elementor-element elementor-element-acc0d0c e-grid e-con-boxed e-con e-parent\" data-id=\"acc0d0c\" data-element_type=\"container\" data-e-type=\"container\">\n\t\t\t\t\t<div class=\"e-con-inner\">\n\t\t\t\t<div class=\"elementor-element elementor-element-50ea9fd elementor-widget elementor-widget-image\" data-id=\"50ea9fd\" data-element_type=\"widget\" data-e-type=\"widget\" data-widget_type=\"image.default\">\n\t\t\t\t\t\t\t\t\t\t\t\t\t\t\t<img decoding=\"async\" width=\"768\" height=\"1024\" src=\"https:\/\/tribu-du-fourmilier.com\/wp-content\/uploads\/2026\/02\/9ffe45db50df94e8a8eced0d4692950e-768x1024.jpeg\" class=\"attachment-large size-large wp-image-185\" alt=\"\" srcset=\"https:\/\/tribu-du-fourmilier.com\/wp-content\/uploads\/2026\/02\/9ffe45db50df94e8a8eced0d4692950e-768x1024.jpeg 768w, https:\/\/tribu-du-fourmilier.com\/wp-content\/uploads\/2026\/02\/9ffe45db50df94e8a8eced0d4692950e-225x300.jpeg 225w, https:\/\/tribu-du-fourmilier.com\/wp-content\/uploads\/2026\/02\/9ffe45db50df94e8a8eced0d4692950e-1152x1536.jpeg 1152w, https:\/\/tribu-du-fourmilier.com\/wp-content\/uploads\/2026\/02\/9ffe45db50df94e8a8eced0d4692950e-1536x2048.jpeg 1536w, https:\/\/tribu-du-fourmilier.com\/wp-content\/uploads\/2026\/02\/9ffe45db50df94e8a8eced0d4692950e-scaled.jpeg 1920w\" sizes=\"(max-width: 768px) 100vw, 768px\" \/>\t\t\t\t\t\t\t\t\t\t\t\t\t\t\t<\/div>\n\t\t\t\t<div class=\"elementor-element elementor-element-7adc68c elementor-widget elementor-widget-text-editor\" data-id=\"7adc68c\" data-element_type=\"widget\" data-e-type=\"widget\" data-widget_type=\"text-editor.default\">\n\t\t\t\t\t\t\t\t\t<h3 data-start=\"353\" data-end=\"381\">\ud83d\udc3e<strong data-start=\"360\" data-end=\"379\">Wayne<\/strong><\/h3><p data-start=\"382\" data-end=\"533\"><strong data-start=\"382\" data-end=\"394\">Esp\u00e8ce :<\/strong> Chien\u00a0<br data-start=\"407\" data-end=\"410\" \/><strong data-start=\"410\" data-end=\"419\">\u00c2ge :<\/strong> 1 an<br data-start=\"436\" data-end=\"439\" \/><strong data-start=\"439\" data-end=\"449\">Sexe :<\/strong> M\u00e2le<br data-start=\"464\" data-end=\"467\" \/><strong data-start=\"467\" data-end=\"482\">Identifi\u00e9 :<\/strong> oui<br data-start=\"492\" data-end=\"495\" \/><strong data-start=\"495\" data-end=\"510\">St\u00e9rilis\u00e9 :<\/strong> oui<\/p><p data-start=\"382\" data-end=\"533\"><strong data-start=\"382\" data-end=\"394\">Vaccins : <\/strong>\u00e0 jour<\/p><p data-start=\"382\" data-end=\"533\"><strong>Race: <\/strong>x staff d\u00e9cat\u00e9goris\u00e9 par diagnose<\/p><p data-start=\"382\" data-end=\"533\">\ud83d\udccd<strong data-start=\"538\" data-end=\"556\">Adoption: <\/strong>Toute la France<\/p><p data-start=\"535\" data-end=\"578\">\ud83d\udccd <strong data-start=\"538\" data-end=\"556\">Localisation :<\/strong> 06<\/p><hr data-start=\"580\" data-end=\"583\" \/><h3 data-start=\"585\" data-end=\"623\">\ud83c\udfe0 <strong data-start=\"592\" data-end=\"623\">Type de solution recherch\u00e9e<\/strong><\/h3><p data-start=\"624\" data-end=\"683\">Adoption<\/p><p data-start=\"624\" data-end=\"683\">\ud83e\udde0 <strong data-start=\"697\" data-end=\"717\">Profil &amp; besoins<\/strong><\/p><p>Wayne est un jeune chien au profil sensible, marqu\u00e9 par un pass\u00e9 difficile.<br \/>Il a besoin d\u2019un r\u00e9f\u00e9rent coh\u00e9rent, calme et habitu\u00e9 aux chiens.<br \/>Derri\u00e8re cette sensibilit\u00e9 se cache un compagnon tr\u00e8s attachant,<br \/>qui m\u00e9rite une famille capable de lui offrir un cadre s\u00e9curisant.<\/p><p>\u00a0<\/p><h3 data-start=\"931\" data-end=\"968\">\ud83d\udc15\ud83d\udc08 <strong data-start=\"940\" data-end=\"968\">Ententes &amp; environnement<\/strong><\/h3><ul data-start=\"969\" data-end=\"1095\"><li data-start=\"969\" data-end=\"1010\"><p data-start=\"971\" data-end=\"1010\">Cong\u00e9n\u00e8res : ok\u00a0<\/p><\/li><li data-start=\"1011\" data-end=\"1050\"><p data-start=\"1013\" data-end=\"1050\">Chats\u00a0 : non<\/p><\/li><li data-start=\"1051\" data-end=\"1095\"><p data-start=\"1053\" data-end=\"1095\">Enfants : \u00e0 \u00e9viter\u00a0<\/p><\/li><\/ul><p data-start=\"1097\" data-end=\"1201\"><strong data-start=\"1097\" data-end=\"1128\">Type de logement souhait\u00e9 :<\/strong><br data-start=\"1128\" data-end=\"1131\" \/>Maison \/ Appartement\u00a0<\/p><p data-start=\"1097\" data-end=\"1201\">Ce placement n\u00e9cessite une r\u00e9flexion s\u00e9rieuse<br \/>et un cadre stable.<br \/>Nous privil\u00e9gions la qualit\u00e9 du placement<br \/>au d\u00e9lai.<\/p><p data-start=\"1097\" data-end=\"1201\">\u00a0<\/p>\t\t\t\t\t\t\t\t<\/div>\n\t\t\t\t\t<\/div>\n\t\t\t\t<\/div>\n\t\t<div class=\"elementor-element elementor-element-92ef971 e-flex e-con-boxed e-con e-parent\" data-id=\"92ef971\" data-element_type=\"container\" data-e-type=\"container\">\n\t\t\t\t\t<div class=\"e-con-inner\">\n\t\t\t\t<div class=\"elementor-element elementor-element-b028063 elementor-widget elementor-widget-button\" data-id=\"b028063\" data-element_type=\"widget\" data-e-type=\"widget\" data-widget_type=\"button.default\">\n\t\t\t\t\t\t\t\t\t\t<a class=\"elementor-button elementor-button-link elementor-size-sm\" href=\"https:\/\/quiz.typeform.com\/to\/LkEqgFXR?typeform-source=tribu-du-fourmilier.com\">\n\t\t\t\t\t\t<span class=\"elementor-button-content-wrapper\">\n\t\t\t\t\t\t\t\t\t<span class=\"elementor-button-text\">Remplir le formulaire d'adoption<\/span>\n\t\t\t\t\t<\/span>\n\t\t\t\t\t<\/a>\n\t\t\t\t\t\t\t\t<\/div>\n\t\t\t\t\t<\/div>\n\t\t\t\t<\/div>\n\t\t\t\t<\/div>\n\t\t","protected":false},"excerpt":{"rendered":"<p>Nos prot\u00e9g\u00e9s en attente Sur cette page, nous mettons en avant certains animauxpour lesquels nous rencontrons des difficult\u00e9s de placement. Il ne s\u2019agit pas d\u2019une liste exhaustive de nos prises en charge,mais uniquement de situations particuli\u00e8resn\u00e9cessitant une famille adapt\u00e9e, patiente et engag\u00e9e. Cette page est mise \u00e0 jour ponctuellement,en fonction de nos besoins et de [&hellip;]<\/p>\n","protected":false},"author":2,"featured_media":0,"parent":0,"menu_order":0,"comment_status":"closed","ping_status":"closed","template":"","meta":{"footnotes":""},"class_list":["post-182","page","type-page","status-publish","hentry"],"jetpack_sharing_enabled":true,"_links":{"self":[{"href":"https:\/\/tribu-du-fourmilier.com\/index.php?rest_route=\/wp\/v2\/pages\/182","targetHints":{"allow":["GET"]}}],"collection":[{"href":"https:\/\/tribu-du-fourmilier.com\/index.php?rest_route=\/wp\/v2\/pages"}],"about":[{"href":"https:\/\/tribu-du-fourmilier.com\/index.php?rest_route=\/wp\/v2\/types\/page"}],"author":[{"embeddable":true,"href":"https:\/\/tribu-du-fourmilier.com\/index.php?rest_route=\/wp\/v2\/users\/2"}],"replies":[{"embeddable":true,"href":"https:\/\/tribu-du-fourmilier.com\/index.php?rest_route=%2Fwp%2Fv2%2Fcomments&post=182"}],"version-history":[{"count":10,"href":"https:\/\/tribu-du-fourmilier.com\/index.php?rest_route=\/wp\/v2\/pages\/182\/revisions"}],"predecessor-version":[{"id":195,"href":"https:\/\/tribu-du-fourmilier.com\/index.php?rest_route=\/wp\/v2\/pages\/182\/revisions\/195"}],"wp:attachment":[{"href":"https:\/\/tribu-du-fourmilier.com\/index.php?rest_route=%2Fwp%2Fv2%2Fmedia&parent=182"}],"curies":[{"name":"wp","href":"https:\/\/api.w.org\/{rel}","templated":true}]}}