{"id":90,"date":"2026-02-08T01:05:36","date_gmt":"2026-02-08T00:05:36","guid":{"rendered":"https:\/\/tribu-du-fourmilier.com\/?page_id=90"},"modified":"2026-02-08T02:33:03","modified_gmt":"2026-02-08T01:33:03","slug":"soutenir-lassociation","status":"publish","type":"page","link":"https:\/\/tribu-du-fourmilier.com\/?page_id=90","title":{"rendered":"SOUTENIR L\u2019ASSOCIATION"},"content":{"rendered":"\t\t<div data-elementor-type=\"wp-page\" data-elementor-id=\"90\" class=\"elementor elementor-90\">\n\t\t\t\t<div class=\"elementor-element elementor-element-23c3593 e-flex e-con-boxed e-con e-parent\" data-id=\"23c3593\" data-element_type=\"container\" data-e-type=\"container\">\n\t\t\t\t\t<div class=\"e-con-inner\">\n\t\t\t\t<div class=\"elementor-element elementor-element-53bc1a5 elementor-widget elementor-widget-heading\" data-id=\"53bc1a5\" data-element_type=\"widget\" data-e-type=\"widget\" data-widget_type=\"heading.default\">\n\t\t\t\t\t<h1 class=\"elementor-heading-title elementor-size-default\">Soutenir l\u2019association\n<\/h1>\t\t\t\t<\/div>\n\t\t\t\t\t<\/div>\n\t\t\t\t<\/div>\n\t\t<div class=\"elementor-element elementor-element-cc15aae e-flex e-con-boxed e-con e-parent\" data-id=\"cc15aae\" data-element_type=\"container\" data-e-type=\"container\">\n\t\t\t\t\t<div class=\"e-con-inner\">\n\t\t\t\t<div class=\"elementor-element elementor-element-a90cb9b elementor-widget elementor-widget-text-editor\" data-id=\"a90cb9b\" data-element_type=\"widget\" data-e-type=\"widget\" data-widget_type=\"text-editor.default\">\n\t\t\t\t\t\t\t\t\t<p>Notre association fonctionne uniquement gr\u00e2ce \u00e0 l\u2019engagement de b\u00e9n\u00e9voles<br \/>et au soutien des personnes qui croient en notre action.<\/p><p>Nous sommes une petite \u00e9quipe, avec des moyens limit\u00e9s,<br \/>mais chaque aide nous permet d\u2019agir concr\u00e8tement pour les animaux.<\/p>\t\t\t\t\t\t\t\t<\/div>\n\t\t\t\t\t<\/div>\n\t\t\t\t<\/div>\n\t\t<div class=\"elementor-element elementor-element-67373a0 e-flex e-con-boxed e-con e-parent\" data-id=\"67373a0\" data-element_type=\"container\" data-e-type=\"container\">\n\t\t\t\t\t<div class=\"e-con-inner\">\n\t\t\t\t<div class=\"elementor-element elementor-element-9e96479 elementor-widget elementor-widget-text-editor\" data-id=\"9e96479\" data-element_type=\"widget\" data-e-type=\"widget\" data-widget_type=\"text-editor.default\">\n\t\t\t\t\t\t\t\t\t<p>Les aides re\u00e7ues nous permettent notamment de :<\/p><p>\u2022 financer des soins v\u00e9t\u00e9rinaires<br \/>\u2022 assurer les identifications et st\u00e9rilisations<br \/>\u2022 acheter de la nourriture et du mat\u00e9riel<br \/>\u2022 r\u00e9pondre \u00e0 des urgences<\/p>\t\t\t\t\t\t\t\t<\/div>\n\t\t\t\t\t<\/div>\n\t\t\t\t<\/div>\n\t\t<div class=\"elementor-element elementor-element-30b2123 e-flex e-con-boxed e-con e-parent\" data-id=\"30b2123\" data-element_type=\"container\" data-e-type=\"container\">\n\t\t\t\t\t<div class=\"e-con-inner\">\n\t\t\t\t<div class=\"elementor-element elementor-element-63a65b6 elementor-widget elementor-widget-text-editor\" data-id=\"63a65b6\" data-element_type=\"widget\" data-e-type=\"widget\" data-widget_type=\"text-editor.default\">\n\t\t\t\t\t\t\t\t\t<p>Nous n\u2019avons pas de gros moyens.<br \/>Mais m\u00eame un petit soutien r\u00e9gulier fait une vraie diff\u00e9rence.<\/p><p>1 \u20ac par mois peut d\u00e9j\u00e0 nous aider \u00e0 continuer.<\/p>\t\t\t\t\t\t\t\t<\/div>\n\t\t\t\t\t<\/div>\n\t\t\t\t<\/div>\n\t\t<div class=\"elementor-element elementor-element-4e54be9 e-flex e-con-boxed e-con e-parent\" data-id=\"4e54be9\" data-element_type=\"container\" data-e-type=\"container\">\n\t\t\t\t\t<div class=\"e-con-inner\">\n\t\t\t\t<div class=\"elementor-element elementor-element-97f16ef elementor-align-center elementor-widget elementor-widget-button\" data-id=\"97f16ef\" data-element_type=\"widget\" data-e-type=\"widget\" data-widget_type=\"button.default\">\n\t\t\t\t\t\t\t\t\t\t<a class=\"elementor-button elementor-button-link elementor-size-sm\" href=\"https:\/\/www.helloasso.com\/associations\/la-tribu-du-fourmilier\/formulaires\/4\">\n\t\t\t\t\t\t<span class=\"elementor-button-content-wrapper\">\n\t\t\t\t\t\t\t\t\t<span class=\"elementor-button-text\">\u2764\ufe0f Faire un don via helloasso<\/span>\n\t\t\t\t\t<\/span>\n\t\t\t\t\t<\/a>\n\t\t\t\t\t\t\t\t<\/div>\n\t\t\t\t<div class=\"elementor-element elementor-element-da71375 elementor-align-center elementor-widget elementor-widget-button\" data-id=\"da71375\" data-element_type=\"widget\" data-e-type=\"widget\" data-widget_type=\"button.default\">\n\t\t\t\t\t\t\t\t\t\t<a class=\"elementor-button elementor-button-link elementor-size-sm\" href=\"http:\/\/paypal.me\/latribudufourmilier\">\n\t\t\t\t\t\t<span class=\"elementor-button-content-wrapper\">\n\t\t\t\t\t\t\t\t\t<span class=\"elementor-button-text\">\ud83e\udd1d Faire un don via paypal<\/span>\n\t\t\t\t\t<\/span>\n\t\t\t\t\t<\/a>\n\t\t\t\t\t\t\t\t<\/div>\n\t\t\t\t<div class=\"elementor-element elementor-element-f486c36 elementor-align-center elementor-widget elementor-widget-button\" data-id=\"f486c36\" data-element_type=\"widget\" data-e-type=\"widget\" data-widget_type=\"button.default\">\n\t\t\t\t\t\t\t\t\t\t<a class=\"elementor-button elementor-button-link elementor-size-sm\" href=\"https:\/\/www.teaming.net\/latribudufourmilier\">\n\t\t\t\t\t\t<span class=\"elementor-button-content-wrapper\">\n\t\t\t\t\t\t\t\t\t<span class=\"elementor-button-text\">\ud83e\udd1d Nous soutenir via Teaming<\/span>\n\t\t\t\t\t<\/span>\n\t\t\t\t\t<\/a>\n\t\t\t\t\t\t\t\t<\/div>\n\t\t\t\t<div class=\"elementor-element elementor-element-2fd4253 elementor-align-center elementor-widget elementor-widget-button\" data-id=\"2fd4253\" data-element_type=\"widget\" data-e-type=\"widget\" data-widget_type=\"button.default\">\n\t\t\t\t\t\t\t\t\t\t<a class=\"elementor-button elementor-button-link elementor-size-sm\" href=\"https:\/\/quiz.typeform.com\/to\/EeMHAWuG\">\n\t\t\t\t\t\t<span class=\"elementor-button-content-wrapper\">\n\t\t\t\t\t\t\t\t\t<span class=\"elementor-button-text\">Devenir Famille d'accueil<\/span>\n\t\t\t\t\t<\/span>\n\t\t\t\t\t<\/a>\n\t\t\t\t\t\t\t\t<\/div>\n\t\t\t\t<div class=\"elementor-element elementor-element-c3509df elementor-align-center elementor-widget elementor-widget-button\" data-id=\"c3509df\" data-element_type=\"widget\" data-e-type=\"widget\" data-widget_type=\"button.default\">\n\t\t\t\t\t\t\t\t\t\t<a class=\"elementor-button elementor-button-link elementor-size-sm\" href=\"https:\/\/quiz.typeform.com\/to\/ce5CD7jm\">\n\t\t\t\t\t\t<span class=\"elementor-button-content-wrapper\">\n\t\t\t\t\t\t\t\t\t<span class=\"elementor-button-text\">Demande de re\u00e7u fiscal<\/span>\n\t\t\t\t\t<\/span>\n\t\t\t\t\t<\/a>\n\t\t\t\t\t\t\t\t<\/div>\n\t\t\t\t<div class=\"elementor-element elementor-element-d499e13 elementor-align-center elementor-widget elementor-widget-button\" data-id=\"d499e13\" data-element_type=\"widget\" data-e-type=\"widget\" data-widget_type=\"button.default\">\n\t\t\t\t\t\t\t\t\t\t<a class=\"elementor-button elementor-button-link elementor-size-sm\" href=\"https:\/\/www.ultrapremiumdirect.com\/?utm_source=affilae&#038;utm_medium=banniere_affiliation&#038;utm_campaign=AtelierDuFourmilier&#038;ae=1219\">\n\t\t\t\t\t\t<span class=\"elementor-button-content-wrapper\">\n\t\t\t\t\t\t\t\t\t<span class=\"elementor-button-text\">Commande de croquettes (adresse de livraison par mail)<\/span>\n\t\t\t\t\t<\/span>\n\t\t\t\t\t<\/a>\n\t\t\t\t\t\t\t\t<\/div>\n\t\t\t\t<div class=\"elementor-element elementor-element-5fcb6a3 elementor-align-center elementor-widget elementor-widget-button\" data-id=\"5fcb6a3\" data-element_type=\"widget\" data-e-type=\"widget\" data-widget_type=\"button.default\">\n\t\t\t\t\t\t\t\t\t\t<a class=\"elementor-button elementor-button-link elementor-size-sm\" href=\"https:\/\/atelier-du-fourmilier.com\/\">\n\t\t\t\t\t\t<span class=\"elementor-button-content-wrapper\">\n\t\t\t\t\t\t\t\t\t<span class=\"elementor-button-text\">Acheter solidaire<\/span>\n\t\t\t\t\t<\/span>\n\t\t\t\t\t<\/a>\n\t\t\t\t\t\t\t\t<\/div>\n\t\t\t\t\t<\/div>\n\t\t\t\t<\/div>\n\t\t<div class=\"elementor-element elementor-element-76436b6 e-flex e-con-boxed e-con e-parent\" data-id=\"76436b6\" data-element_type=\"container\" data-e-type=\"container\">\n\t\t\t\t\t<div class=\"e-con-inner\">\n\t\t\t\t<div class=\"elementor-element elementor-element-d1a4114 elementor-widget elementor-widget-text-editor\" data-id=\"d1a4114\" data-element_type=\"widget\" data-e-type=\"widget\" data-widget_type=\"text-editor.default\">\n\t\t\t\t\t\t\t\t\t<p>Merci pour votre soutien, votre bienveillance<br \/>et pour chaque geste fait en faveur des animaux.<\/p><p>C\u2019est gr\u00e2ce \u00e0 vous que notre action est possible.<\/p>\t\t\t\t\t\t\t\t<\/div>\n\t\t\t\t\t<\/div>\n\t\t\t\t<\/div>\n\t\t\t\t<\/div>\n\t\t","protected":false},"excerpt":{"rendered":"<p>Soutenir l\u2019association Notre association fonctionne uniquement gr\u00e2ce \u00e0 l\u2019engagement de b\u00e9n\u00e9voleset au soutien des personnes qui croient en notre action. Nous sommes une petite \u00e9quipe, avec des moyens limit\u00e9s,mais chaque aide nous permet d\u2019agir concr\u00e8tement pour les animaux. Les aides re\u00e7ues nous permettent notamment de : \u2022 financer des soins v\u00e9t\u00e9rinaires\u2022 assurer les identifications et [&hellip;]<\/p>\n","protected":false},"author":2,"featured_media":0,"parent":0,"menu_order":0,"comment_status":"closed","ping_status":"closed","template":"","meta":{"footnotes":""},"class_list":["post-90","page","type-page","status-publish","hentry"],"jetpack_sharing_enabled":true,"_links":{"self":[{"href":"https:\/\/tribu-du-fourmilier.com\/index.php?rest_route=\/wp\/v2\/pages\/90","targetHints":{"allow":["GET"]}}],"collection":[{"href":"https:\/\/tribu-du-fourmilier.com\/index.php?rest_route=\/wp\/v2\/pages"}],"about":[{"href":"https:\/\/tribu-du-fourmilier.com\/index.php?rest_route=\/wp\/v2\/types\/page"}],"author":[{"embeddable":true,"href":"https:\/\/tribu-du-fourmilier.com\/index.php?rest_route=\/wp\/v2\/users\/2"}],"replies":[{"embeddable":true,"href":"https:\/\/tribu-du-fourmilier.com\/index.php?rest_route=%2Fwp%2Fv2%2Fcomments&post=90"}],"version-history":[{"count":25,"href":"https:\/\/tribu-du-fourmilier.com\/index.php?rest_route=\/wp\/v2\/pages\/90\/revisions"}],"predecessor-version":[{"id":152,"href":"https:\/\/tribu-du-fourmilier.com\/index.php?rest_route=\/wp\/v2\/pages\/90\/revisions\/152"}],"wp:attachment":[{"href":"https:\/\/tribu-du-fourmilier.com\/index.php?rest_route=%2Fwp%2Fv2%2Fmedia&parent=90"}],"curies":[{"name":"wp","href":"https:\/\/api.w.org\/{rel}","templated":true}]}}